{"id":7509,"date":"2020-09-16T12:11:14","date_gmt":"2020-09-16T10:11:14","guid":{"rendered":"https:\/\/parkingmaastricht.nl\/product\/7x24-carte-de-stationnement\/"},"modified":"2026-01-08T17:54:08","modified_gmt":"2026-01-08T15:54:08","slug":"7x24-carte-de-stationnement","status":"publish","type":"product","link":"https:\/\/parkingmaastricht.nl\/fr\/produit\/7x24-carte-de-stationnement\/","title":{"rendered":"7&#215;24 Carte de stationnement"},"content":{"rendered":"<h2 data-start=\"50\" data-end=\"98\">Comment Louer une Place de Parking Mensuelle<\/h2>\n<p data-start=\"100\" data-end=\"232\"><strong data-start=\"100\" data-end=\"113\">\u00c9tape 1 :<\/strong> Choisissez d\u2019abord la date de d\u00e9but souhait\u00e9e pour le stationnement mensuel, puis cliquez sur \u00ab Ajouter au panier \u00bb.<\/p>\n<p data-start=\"234\" data-end=\"363\"><strong data-start=\"234\" data-end=\"247\">\u00c9tape 2 :<\/strong> Ensuite, saisissez les informations de facturation requises et poursuivez vers votre portail de paiement pr\u00e9f\u00e9r\u00e9.<\/p>\n<h2 data-start=\"370\" data-end=\"409\">Stationnement aux Tarifs Mensuels !<\/h2>\n<p data-start=\"411\" data-end=\"732\">\u00cates-vous un visiteur r\u00e9gulier du c\u0153ur dynamique de Maastricht et \u00e0 la recherche d\u2019une place de parking permanente pour votre v\u00e9hicule ? Avec nous, vous pouvez louer une place de parking pour seulement <strong data-start=\"613\" data-end=\"645\">154,29 \u20ac par mois (30 jours)<\/strong>, tout en profitant de la commodit\u00e9 d\u2019\u00eatre \u00e0 seulement 10 minutes \u00e0 pied du Vrijthof.<\/p>\n<p data-start=\"734\" data-end=\"1641\">Notre abonnement de stationnement mensuel est id\u00e9al pour ceux qui travaillent, vivent ou \u00e9tudient en ville, ainsi que pour ceux qui pr\u00e9voient une visite de longue dur\u00e9e. Par cons\u00e9quent, si vous vous rendez quotidiennement au centre-ville ou si vous recherchez une solution de stationnement sans souci \u00e0 proximit\u00e9 de votre domicile ou de votre lieu de travail, notre abonnement vous offre exactement ce dont vous avez besoin. De plus, cet abonnement vous lib\u00e8re du stress quotidien de trouver et de payer le stationnement, vous permettant ainsi de vous concentrer sur votre travail, vos \u00e9tudes ou de profiter de la vie dans cette magnifique ville. En bref, c\u2019est un investissement dans la commodit\u00e9 et la tranquillit\u00e9 d\u2019esprit, garantissant que votre temps \u00e0 Maastricht se d\u00e9roule aussi facilement et agr\u00e9ablement que possible. En r\u00e9sum\u00e9, c\u2019est une pr\u00e9occupation de moins dans votre emploi du temps charg\u00e9.<\/p>\n<h2 data-start=\"1648\" data-end=\"1685\">Comment se Garer sur Notre Site ?<\/h2>\n<p data-start=\"1687\" data-end=\"2193\">Notre syst\u00e8me de r\u00e9servation fonctionne de mani\u00e8re totalement autonome. Lors du processus de r\u00e9servation, il vous sera demand\u00e9 de fournir votre num\u00e9ro de plaque d\u2019immatriculation, qui sera automatiquement ajout\u00e9 au syst\u00e8me de parking apr\u00e8s le paiement. \u00c0 partir de la date de d\u00e9but choisie, vous pourrez ensuite entrer et sortir des lieux de mani\u00e8re illimit\u00e9e pendant 30 jours gr\u00e2ce \u00e0 votre plaque. La barri\u00e8re reconna\u00eet votre num\u00e9ro \u00e0 l\u2019arriv\u00e9e et s\u2019ouvre automatiquement \u2014 il en va de m\u00eame \u00e0 la sortie.<\/p>\n","protected":false},"excerpt":{"rendered":"<div class=\"page\" title=\"Page 4\">\n<div class=\"layoutArea\">\n<div class=\"column\">\n<ul>\n<li data-start=\"41\" data-end=\"119\">Entr\u00e9e\/sortie via la plaque d\u2019immatriculation fournie lors de la r\u00e9servation<\/li>\n<li data-start=\"122\" data-end=\"163\">Stationnement illimit\u00e9 pendant 30 jours<\/li>\n<li data-start=\"166\" data-end=\"199\">\u00c0 10 minutes \u00e0 pied du Vrijthof<\/li>\n<li data-start=\"202\" data-end=\"234\">S\u00e9curis\u00e9 avec cam\u00e9ras et portail<\/li>\n<\/ul>\n<\/div>\n<\/div>\n<\/div>\n","protected":false},"featured_media":7510,"comment_status":"open","ping_status":"closed","template":"","meta":{"_acf_changed":false},"product_brand":[],"product_cat":[151],"product_tag":[156,179],"class_list":{"0":"post-7509","1":"product","2":"type-product","3":"status-publish","4":"has-post-thumbnail","6":"product_cat-non-classifiee","7":"product_tag-mensuel","8":"product_tag-parkeerabonnement","10":"first","11":"instock","12":"sold-individually","13":"taxable","14":"shipping-taxable","15":"purchasable","16":"product-type-booking"},"acf":[],"yoast_head":"<!-- This site is optimized with the Yoast SEO plugin v26.8 - https:\/\/yoast.com\/product\/yoast-seo-wordpress\/ -->\n<title>Abonnement parking 7x24 | Parking mensuel \u00e0 Maastricht<\/title>\n<meta name=\"description\" content=\"Une place de parking mensuelle pour 30 jours au prix de 154,29 \u20ac. Vous pouvez ainsi vous garer rapidement et facilement tous les mois.\" \/>\n<meta name=\"robots\" content=\"index, follow, max-snippet:-1, max-image-preview:large, max-video-preview:-1\" \/>\n<link rel=\"canonical\" href=\"https:\/\/parkingmaastricht.nl\/fr\/produit\/7x24-carte-de-stationnement\/\" \/>\n<meta property=\"og:locale\" content=\"fr_FR\" \/>\n<meta property=\"og:type\" content=\"article\" \/>\n<meta property=\"og:title\" content=\"Abonnement parking 7x24 | Parking mensuel \u00e0 Maastricht\" \/>\n<meta property=\"og:description\" content=\"Une place de parking mensuelle pour 30 jours au prix de 154,29 \u20ac. Vous pouvez ainsi vous garer rapidement et facilement tous les mois.\" \/>\n<meta property=\"og:url\" content=\"https:\/\/parkingmaastricht.nl\/fr\/produit\/7x24-carte-de-stationnement\/\" \/>\n<meta property=\"og:site_name\" content=\"Parking Maastricht\" \/>\n<meta property=\"article:modified_time\" content=\"2026-01-08T15:54:08+00:00\" \/>\n<meta property=\"og:image\" content=\"https:\/\/parkingmaastricht.nl\/wp-content\/uploads\/2023\/01\/Icon-.png\" \/>\n\t<meta property=\"og:image:width\" content=\"512\" \/>\n\t<meta property=\"og:image:height\" content=\"512\" \/>\n\t<meta property=\"og:image:type\" content=\"image\/png\" \/>\n<meta name=\"twitter:card\" content=\"summary_large_image\" \/>\n<meta name=\"twitter:label1\" content=\"Dur\u00e9e de lecture estim\u00e9e\" \/>\n\t<meta name=\"twitter:data1\" content=\"2 minutes\" \/>\n<!-- \/ Yoast SEO plugin. -->","yoast_head_json":{"title":"Abonnement parking 7x24 | Parking mensuel \u00e0 Maastricht","description":"Une place de parking mensuelle pour 30 jours au prix de 154,29 \u20ac. Vous pouvez ainsi vous garer rapidement et facilement tous les mois.","robots":{"index":"index","follow":"follow","max-snippet":"max-snippet:-1","max-image-preview":"max-image-preview:large","max-video-preview":"max-video-preview:-1"},"canonical":"https:\/\/parkingmaastricht.nl\/fr\/produit\/7x24-carte-de-stationnement\/","og_locale":"fr_FR","og_type":"article","og_title":"Abonnement parking 7x24 | Parking mensuel \u00e0 Maastricht","og_description":"Une place de parking mensuelle pour 30 jours au prix de 154,29 \u20ac. Vous pouvez ainsi vous garer rapidement et facilement tous les mois.","og_url":"https:\/\/parkingmaastricht.nl\/fr\/produit\/7x24-carte-de-stationnement\/","og_site_name":"Parking Maastricht","article_modified_time":"2026-01-08T15:54:08+00:00","og_image":[{"width":512,"height":512,"url":"https:\/\/parkingmaastricht.nl\/wp-content\/uploads\/2023\/01\/Icon-.png","type":"image\/png"}],"twitter_card":"summary_large_image","twitter_misc":{"Dur\u00e9e de lecture estim\u00e9e":"2 minutes"},"schema":{"@context":"https:\/\/schema.org","@graph":[{"@type":"WebPage","@id":"https:\/\/parkingmaastricht.nl\/fr\/produit\/7x24-carte-de-stationnement\/","url":"https:\/\/parkingmaastricht.nl\/fr\/produit\/7x24-carte-de-stationnement\/","name":"Abonnement parking 7x24 | Parking mensuel \u00e0 Maastricht","isPartOf":{"@id":"https:\/\/parkingmaastricht.nl\/#website"},"primaryImageOfPage":{"@id":"https:\/\/parkingmaastricht.nl\/fr\/produit\/7x24-carte-de-stationnement\/#primaryimage"},"image":{"@id":"https:\/\/parkingmaastricht.nl\/fr\/produit\/7x24-carte-de-stationnement\/#primaryimage"},"thumbnailUrl":"https:\/\/parkingmaastricht.nl\/wp-content\/uploads\/2023\/01\/Icon-.png","datePublished":"2020-09-16T10:11:14+00:00","dateModified":"2026-01-08T15:54:08+00:00","description":"Une place de parking mensuelle pour 30 jours au prix de 154,29 \u20ac. Vous pouvez ainsi vous garer rapidement et facilement tous les mois.","breadcrumb":{"@id":"https:\/\/parkingmaastricht.nl\/fr\/produit\/7x24-carte-de-stationnement\/#breadcrumb"},"inLanguage":"fr-FR","potentialAction":[{"@type":"ReadAction","target":["https:\/\/parkingmaastricht.nl\/fr\/produit\/7x24-carte-de-stationnement\/"]}]},{"@type":"ImageObject","inLanguage":"fr-FR","@id":"https:\/\/parkingmaastricht.nl\/fr\/produit\/7x24-carte-de-stationnement\/#primaryimage","url":"https:\/\/parkingmaastricht.nl\/wp-content\/uploads\/2023\/01\/Icon-.png","contentUrl":"https:\/\/parkingmaastricht.nl\/wp-content\/uploads\/2023\/01\/Icon-.png","width":512,"height":512},{"@type":"BreadcrumbList","@id":"https:\/\/parkingmaastricht.nl\/fr\/produit\/7x24-carte-de-stationnement\/#breadcrumb","itemListElement":[{"@type":"ListItem","position":1,"name":"Home","item":"https:\/\/parkingmaastricht.nl\/fr\/parking-de-maastricht\/"},{"@type":"ListItem","position":2,"name":"Boutique","item":"https:\/\/parkingmaastricht.nl\/fr\/?page_id=7367"},{"@type":"ListItem","position":3,"name":"7&#215;24 Carte de stationnement"}]},{"@type":"WebSite","@id":"https:\/\/parkingmaastricht.nl\/#website","url":"https:\/\/parkingmaastricht.nl\/","name":"Parking Maastricht","description":"Book online, park and enjoy the city of Maastricht!","publisher":{"@id":"https:\/\/parkingmaastricht.nl\/#organization"},"alternateName":"Parking in Maastricht","potentialAction":[{"@type":"SearchAction","target":{"@type":"EntryPoint","urlTemplate":"https:\/\/parkingmaastricht.nl\/?s={search_term_string}"},"query-input":{"@type":"PropertyValueSpecification","valueRequired":true,"valueName":"search_term_string"}}],"inLanguage":"fr-FR"},{"@type":"Organization","@id":"https:\/\/parkingmaastricht.nl\/#organization","name":"Parking Maastricht","alternateName":"Parking in Maastricht","url":"https:\/\/parkingmaastricht.nl\/","logo":{"@type":"ImageObject","inLanguage":"fr-FR","@id":"https:\/\/parkingmaastricht.nl\/#\/schema\/logo\/image\/","url":"https:\/\/parkingmaastricht.nl\/wp-content\/uploads\/2023\/02\/0EDEFBF3-8FB0-4F2F-83A8-192AD45A5DAE.png","contentUrl":"https:\/\/parkingmaastricht.nl\/wp-content\/uploads\/2023\/02\/0EDEFBF3-8FB0-4F2F-83A8-192AD45A5DAE.png","width":696,"height":696,"caption":"Parking Maastricht"},"image":{"@id":"https:\/\/parkingmaastricht.nl\/#\/schema\/logo\/image\/"}}]}},"_links":{"self":[{"href":"https:\/\/parkingmaastricht.nl\/fr\/wp-json\/wp\/v2\/product\/7509","targetHints":{"allow":["GET"]}}],"collection":[{"href":"https:\/\/parkingmaastricht.nl\/fr\/wp-json\/wp\/v2\/product"}],"about":[{"href":"https:\/\/parkingmaastricht.nl\/fr\/wp-json\/wp\/v2\/types\/product"}],"replies":[{"embeddable":true,"href":"https:\/\/parkingmaastricht.nl\/fr\/wp-json\/wp\/v2\/comments?post=7509"}],"wp:featuredmedia":[{"embeddable":true,"href":"https:\/\/parkingmaastricht.nl\/fr\/wp-json\/wp\/v2\/media\/7510"}],"wp:attachment":[{"href":"https:\/\/parkingmaastricht.nl\/fr\/wp-json\/wp\/v2\/media?parent=7509"}],"wp:term":[{"taxonomy":"product_brand","embeddable":true,"href":"https:\/\/parkingmaastricht.nl\/fr\/wp-json\/wp\/v2\/product_brand?post=7509"},{"taxonomy":"product_cat","embeddable":true,"href":"https:\/\/parkingmaastricht.nl\/fr\/wp-json\/wp\/v2\/product_cat?post=7509"},{"taxonomy":"product_tag","embeddable":true,"href":"https:\/\/parkingmaastricht.nl\/fr\/wp-json\/wp\/v2\/product_tag?post=7509"}],"curies":[{"name":"wp","href":"https:\/\/api.w.org\/{rel}","templated":true}]}}