{"id":7508,"date":"2020-09-16T11:21:25","date_gmt":"2020-09-16T09:21:25","guid":{"rendered":"https:\/\/parkingmaastricht.nl\/product\/parking-journalier\/"},"modified":"2025-12-04T01:26:34","modified_gmt":"2025-12-03T23:26:34","slug":"parking-journalier","status":"publish","type":"product","link":"https:\/\/parkingmaastricht.nl\/fr\/produit\/parking-journalier\/","title":{"rendered":"Parking journalier"},"content":{"rendered":"<h3 data-start=\"45\" data-end=\"102\"><strong data-start=\"49\" data-end=\"102\">3 \u00e9tapes vers votre place de parking \u00e0 Maastricht<\/strong><\/h3>\n<p data-start=\"104\" data-end=\"278\"><strong data-start=\"104\" data-end=\"160\">\u00c9tape 1 : Choisissez vos dates d\u2019entr\u00e9e et de sortie<\/strong><br data-start=\"160\" data-end=\"163\" \/>Commencez par s\u00e9lectionner votre date d\u2019arriv\u00e9e et de d\u00e9part. Cliquez ensuite simplement sur \u00ab ajouter au panier \u00bb.<\/p>\n<p data-start=\"280\" data-end=\"409\"><strong data-start=\"280\" data-end=\"315\">\u00c9tape 2 : V\u00e9rifiez votre panier<\/strong><br data-start=\"315\" data-end=\"318\" \/>V\u00e9rifiez que les dates choisies sont correctes. Cliquez ensuite sur \u00ab Passer \u00e0 la caisse \u00bb.<\/p>\n<p data-start=\"411\" data-end=\"607\"><strong data-start=\"411\" data-end=\"453\">\u00c9tape 3 : R\u00e9servez votre place &amp; payez<\/strong><br data-start=\"453\" data-end=\"456\" \/>Remplissez les informations de facturation n\u00e9cessaires ainsi que votre plaque d\u2019immatriculation, puis continuez vers votre portail de paiement pr\u00e9f\u00e9r\u00e9.<\/p>\n<p><strong>L&#8217;acc\u00e8s au parking est accord\u00e9 avec le num\u00e9ro d&#8217;enregistrement sp\u00e9cifi\u00e9 lors de l&#8217;enregistrement.<\/strong><\/p>\n<p>&nbsp;<\/p>\n<h3 data-start=\"705\" data-end=\"753\"><strong data-start=\"709\" data-end=\"753\">Se garer \u00e0 la Cabergerweg \u00e0 Maastricht !<\/strong><\/h3>\n<p data-start=\"755\" data-end=\"974\">Chaque ann\u00e9e, la charmante ville de Maastricht attire plus d\u2019un million de visiteurs, et trouver une place de parking adapt\u00e9e et abordable \u2013 que ce soit pour une journ\u00e9e, une semaine ou un mois \u2013 est un d\u00e9fi bien connu.<\/p>\n<p data-start=\"976\" data-end=\"1300\">\u00c9tant donn\u00e9 l\u2019affluence dans le centre-ville, trouver une place de parking peut \u00eatre assez stressant. C\u2019est pourquoi il est fortement recommand\u00e9 de r\u00e9server votre place de parking \u00e0 l\u2019avance avant votre visite \u00e0 Maastricht. De cette mani\u00e8re, vous \u00eates assur\u00e9 d\u2019une exp\u00e9rience de stationnement fluide et d\u2019une place garantie.<\/p>\n<p data-start=\"1302\" data-end=\"1545\">Imaginez pouvoir garer votre voiture \u00e0 seulement 10 minutes \u00e0 pied du centre anim\u00e9 de Maastricht, et cela pour seulement <strong data-start=\"1423\" data-end=\"1443\">10,00 \u20ac par jour<\/strong>. Cependant, en plein c\u0153ur du centre-ville, les tarifs peuvent atteindre <strong data-start=\"1516\" data-end=\"1544\">jusqu\u2019\u00e0 35,00 \u20ac par jour<\/strong>.<\/p>\n<p data-start=\"1547\" data-end=\"1896\">L\u2019un des principaux avantages de louer une place de parking chez nous est la flexibilit\u00e9 que nous offrons. Nous comprenons que les plans de voyage peuvent \u00eatre impr\u00e9visibles. C\u2019est pourquoi votre r\u00e9servation est valable de <strong data-start=\"1770\" data-end=\"1787\">00h00 \u00e0 23h59<\/strong>, sans horaire fixe d\u2019entr\u00e9e ou de sortie. Vous pouvez ainsi profiter pleinement de votre s\u00e9jour sans stress.<\/p>\n<h3 data-start=\"1903\" data-end=\"1940\"><strong data-start=\"1907\" data-end=\"1940\">Pourquoi se garer chez nous ?<\/strong><\/h3>\n<p data-start=\"1942\" data-end=\"2352\">Notre parking est accessible <strong data-start=\"1971\" data-end=\"1979\">24\/7<\/strong> et surveill\u00e9 en permanence par des cam\u00e9ras. Nous disposons \u00e9galement d\u2019une cl\u00f4ture m\u00e9tallique pour une s\u00e9curit\u00e9 suppl\u00e9mentaire. De plus, vous pouvez entrer et sortir autant de fois que vous le souhaitez durant votre s\u00e9jour, et utiliser nos stations de recharge pour v\u00e9hicules \u00e9lectriques.<br data-start=\"2268\" data-end=\"2271\" \/>Le tout pour seulement <strong data-start=\"2294\" data-end=\"2314\">10,00 \u20ac par jour<\/strong>, \u00e0 <strong data-start=\"2318\" data-end=\"2351\">10 minutes \u00e0 pied du Vrijthof<\/strong>.<\/p>\n<h3 style=\"font-weight: 400;\"><strong>Quelles sont les curiosit\u00e9s de Maastricht ?<\/strong><\/h3>\n<p>Voici quelques sites int\u00e9ressants \u00e0 Maastricht et la distance approximative du Parking Maastricht :<\/p>\n<ol>\n<li><strong>Le Vrijthof<\/strong> (environ 900 m\u00e8tres) : Le Vrijthof est une place importante de Maastricht, entour\u00e9e de nombreux restaurants, de b\u00e2timents historiques et d&#8217;un lieu id\u00e9al pour les \u00e9v\u00e9nements et les festivals. Il se trouve \u00e0 environ 10 minutes de marche du Parking Maastricht.<\/li>\n<li><strong>Sint-Servaasbasiliek<\/strong> (environ 1 kilom\u00e8tre) : Cette ancienne basilique est l&#8217;une des plus anciennes \u00e9glises des Pays-Bas et se trouve \u00e0 proximit\u00e9 du Vrijthof, \u00e0 environ 13 minutes de marche du Parking Maastricht.<\/li>\n<li><strong>Centre commercial Entre Deux<\/strong> (environ 1,1 km) : Entre Deux est un centre commercial moderne avec divers magasins, boutiques et restaurants, situ\u00e9 au c\u0153ur de Maastricht. Il se trouve \u00e0 environ 13 minutes de marche du Parking Maastricht et constitue un endroit id\u00e9al pour faire du shopping et se d\u00e9tendre pendant votre s\u00e9jour dans la ville.<\/li>\n<li><strong>Markt Maastricht<\/strong> (environ 1,2 km) : Le Markt de Maastricht est la place centrale de la ville et se trouve \u00e0 une distance similaire d&#8217;environ 15 minutes de marche du Parking Maastricht.<\/li>\n<li><strong>Basilique et place Notre-Dame<\/strong> (environ 1,5 km) : Une autre belle basilique avec une terrasse tr\u00e8s agr\u00e9able, situ\u00e9e pr\u00e8s du parc de la ville et \u00e0 environ 20 minutes de marche du parking de Maastricht.<\/li>\n<\/ol>\n<div style=\"display: none;\">\n<p>Le parking de Maastricht est situ\u00e9 \u00e0 seulement 10 minutes \u00e0 pied du centre-ville et le tarif journalier est de 10 euros, ce qui rend le stationnement abordable pour tout le monde ! Par exemple, la s\u00e9curit\u00e9, l&#8217;emplacement, l&#8217;accessibilit\u00e9 et les tarifs sont tous des facteurs importants pour nos clients. C&#8217;est pourquoi nous proposons la combinaison parfaite de ces \u00e9l\u00e9ments et nous nous engageons \u00e0 fournir le meilleur parking \u00e0 Maastricht. Nous vous garantissons une exp\u00e9rience agr\u00e9able et sans stress dans la ville de Maastricht.<\/p>\n<div><\/div>\n<\/div>\n","protected":false},"excerpt":{"rendered":"<ul>\n<li>10 minutes \u00e0 pied de la place Vrijthof.<\/li>\n<li>Acc\u00e8s\/sortie par plaque d&#8217;immatriculation<\/li>\n<li>Valable de 00h00 \u00e0 23h59.<\/li>\n<li>Entr\u00e9es et sorties illimit\u00e9es pendant votre s\u00e9jour.<\/li>\n<li>Aucune restriction de hauteur pour les campeurs.<\/li>\n<li>Aucun billet ou paiement n&#8217;est requis au terminal.<\/li>\n<\/ul>\n","protected":false},"featured_media":7510,"comment_status":"open","ping_status":"closed","template":"","meta":{"_acf_changed":false},"product_brand":[],"product_cat":[151],"product_tag":[155],"class_list":{"0":"post-7508","1":"product","2":"type-product","3":"status-publish","4":"has-post-thumbnail","6":"product_cat-non-classifiee","7":"product_tag-sejour-quotidien","9":"first","10":"instock","11":"sold-individually","12":"taxable","13":"shipping-taxable","14":"purchasable","15":"product-type-booking"},"acf":[],"yoast_head":"<!-- This site is optimized with the Yoast SEO plugin v26.8 - https:\/\/yoast.com\/product\/yoast-seo-wordpress\/ -->\n<title>Parking Maastricht - Parking Maastricht<\/title>\n<meta name=\"description\" content=\"Visiter Maastricht ? R\u00e9servez rapidement et facilement votre place de parking chez Parking Maastricht, \u00e0 partir de 10 euros par jour calendaire. Quick Parking Maastricht.\" \/>\n<meta name=\"robots\" content=\"index, follow, max-snippet:-1, max-image-preview:large, max-video-preview:-1\" \/>\n<link rel=\"canonical\" href=\"https:\/\/parkingmaastricht.nl\/fr\/produit\/parking-journalier\/\" \/>\n<meta property=\"og:locale\" content=\"fr_FR\" \/>\n<meta property=\"og:type\" content=\"article\" \/>\n<meta property=\"og:title\" content=\"Parking Maastricht - Parking Maastricht\" \/>\n<meta property=\"og:description\" content=\"Visiter Maastricht ? R\u00e9servez rapidement et facilement votre place de parking chez Parking Maastricht, \u00e0 partir de 10 euros par jour calendaire. Quick Parking Maastricht.\" \/>\n<meta property=\"og:url\" content=\"https:\/\/parkingmaastricht.nl\/fr\/produit\/parking-journalier\/\" \/>\n<meta property=\"og:site_name\" content=\"Parking Maastricht\" \/>\n<meta property=\"article:modified_time\" content=\"2025-12-03T23:26:34+00:00\" \/>\n<meta property=\"og:image\" content=\"https:\/\/parkingmaastricht.nl\/wp-content\/uploads\/2023\/01\/Icon-.png\" \/>\n\t<meta property=\"og:image:width\" content=\"512\" \/>\n\t<meta property=\"og:image:height\" content=\"512\" \/>\n\t<meta property=\"og:image:type\" content=\"image\/png\" \/>\n<meta name=\"twitter:card\" content=\"summary_large_image\" \/>\n<meta name=\"twitter:label1\" content=\"Dur\u00e9e de lecture estim\u00e9e\" \/>\n\t<meta name=\"twitter:data1\" content=\"4 minutes\" \/>\n<!-- \/ Yoast SEO plugin. -->","yoast_head_json":{"title":"Parking Maastricht - Parking Maastricht","description":"Visiter Maastricht ? R\u00e9servez rapidement et facilement votre place de parking chez Parking Maastricht, \u00e0 partir de 10 euros par jour calendaire. Quick Parking Maastricht.","robots":{"index":"index","follow":"follow","max-snippet":"max-snippet:-1","max-image-preview":"max-image-preview:large","max-video-preview":"max-video-preview:-1"},"canonical":"https:\/\/parkingmaastricht.nl\/fr\/produit\/parking-journalier\/","og_locale":"fr_FR","og_type":"article","og_title":"Parking Maastricht - Parking Maastricht","og_description":"Visiter Maastricht ? R\u00e9servez rapidement et facilement votre place de parking chez Parking Maastricht, \u00e0 partir de 10 euros par jour calendaire. Quick Parking Maastricht.","og_url":"https:\/\/parkingmaastricht.nl\/fr\/produit\/parking-journalier\/","og_site_name":"Parking Maastricht","article_modified_time":"2025-12-03T23:26:34+00:00","og_image":[{"width":512,"height":512,"url":"https:\/\/parkingmaastricht.nl\/wp-content\/uploads\/2023\/01\/Icon-.png","type":"image\/png"}],"twitter_card":"summary_large_image","twitter_misc":{"Dur\u00e9e de lecture estim\u00e9e":"4 minutes"},"schema":{"@context":"https:\/\/schema.org","@graph":[{"@type":"WebPage","@id":"https:\/\/parkingmaastricht.nl\/fr\/produit\/parking-journalier\/","url":"https:\/\/parkingmaastricht.nl\/fr\/produit\/parking-journalier\/","name":"Parking Maastricht - Parking Maastricht","isPartOf":{"@id":"https:\/\/parkingmaastricht.nl\/#website"},"primaryImageOfPage":{"@id":"https:\/\/parkingmaastricht.nl\/fr\/produit\/parking-journalier\/#primaryimage"},"image":{"@id":"https:\/\/parkingmaastricht.nl\/fr\/produit\/parking-journalier\/#primaryimage"},"thumbnailUrl":"https:\/\/parkingmaastricht.nl\/wp-content\/uploads\/2023\/01\/Icon-.png","datePublished":"2020-09-16T09:21:25+00:00","dateModified":"2025-12-03T23:26:34+00:00","description":"Visiter Maastricht ? R\u00e9servez rapidement et facilement votre place de parking chez Parking Maastricht, \u00e0 partir de 10 euros par jour calendaire. Quick Parking Maastricht.","breadcrumb":{"@id":"https:\/\/parkingmaastricht.nl\/fr\/produit\/parking-journalier\/#breadcrumb"},"inLanguage":"fr-FR","potentialAction":[{"@type":"ReadAction","target":["https:\/\/parkingmaastricht.nl\/fr\/produit\/parking-journalier\/"]}]},{"@type":"ImageObject","inLanguage":"fr-FR","@id":"https:\/\/parkingmaastricht.nl\/fr\/produit\/parking-journalier\/#primaryimage","url":"https:\/\/parkingmaastricht.nl\/wp-content\/uploads\/2023\/01\/Icon-.png","contentUrl":"https:\/\/parkingmaastricht.nl\/wp-content\/uploads\/2023\/01\/Icon-.png","width":512,"height":512},{"@type":"BreadcrumbList","@id":"https:\/\/parkingmaastricht.nl\/fr\/produit\/parking-journalier\/#breadcrumb","itemListElement":[{"@type":"ListItem","position":1,"name":"Home","item":"https:\/\/parkingmaastricht.nl\/fr\/parking-de-maastricht\/"},{"@type":"ListItem","position":2,"name":"Boutique","item":"https:\/\/parkingmaastricht.nl\/fr\/?page_id=7367"},{"@type":"ListItem","position":3,"name":"Parking journalier"}]},{"@type":"WebSite","@id":"https:\/\/parkingmaastricht.nl\/#website","url":"https:\/\/parkingmaastricht.nl\/","name":"Parking Maastricht","description":"Book online, park and enjoy the city of Maastricht!","publisher":{"@id":"https:\/\/parkingmaastricht.nl\/#organization"},"alternateName":"Parking in Maastricht","potentialAction":[{"@type":"SearchAction","target":{"@type":"EntryPoint","urlTemplate":"https:\/\/parkingmaastricht.nl\/?s={search_term_string}"},"query-input":{"@type":"PropertyValueSpecification","valueRequired":true,"valueName":"search_term_string"}}],"inLanguage":"fr-FR"},{"@type":"Organization","@id":"https:\/\/parkingmaastricht.nl\/#organization","name":"Parking Maastricht","alternateName":"Parking in Maastricht","url":"https:\/\/parkingmaastricht.nl\/","logo":{"@type":"ImageObject","inLanguage":"fr-FR","@id":"https:\/\/parkingmaastricht.nl\/#\/schema\/logo\/image\/","url":"https:\/\/parkingmaastricht.nl\/wp-content\/uploads\/2023\/02\/0EDEFBF3-8FB0-4F2F-83A8-192AD45A5DAE.png","contentUrl":"https:\/\/parkingmaastricht.nl\/wp-content\/uploads\/2023\/02\/0EDEFBF3-8FB0-4F2F-83A8-192AD45A5DAE.png","width":696,"height":696,"caption":"Parking Maastricht"},"image":{"@id":"https:\/\/parkingmaastricht.nl\/#\/schema\/logo\/image\/"}}]}},"_links":{"self":[{"href":"https:\/\/parkingmaastricht.nl\/fr\/wp-json\/wp\/v2\/product\/7508","targetHints":{"allow":["GET"]}}],"collection":[{"href":"https:\/\/parkingmaastricht.nl\/fr\/wp-json\/wp\/v2\/product"}],"about":[{"href":"https:\/\/parkingmaastricht.nl\/fr\/wp-json\/wp\/v2\/types\/product"}],"replies":[{"embeddable":true,"href":"https:\/\/parkingmaastricht.nl\/fr\/wp-json\/wp\/v2\/comments?post=7508"}],"wp:featuredmedia":[{"embeddable":true,"href":"https:\/\/parkingmaastricht.nl\/fr\/wp-json\/wp\/v2\/media\/7510"}],"wp:attachment":[{"href":"https:\/\/parkingmaastricht.nl\/fr\/wp-json\/wp\/v2\/media?parent=7508"}],"wp:term":[{"taxonomy":"product_brand","embeddable":true,"href":"https:\/\/parkingmaastricht.nl\/fr\/wp-json\/wp\/v2\/product_brand?post=7508"},{"taxonomy":"product_cat","embeddable":true,"href":"https:\/\/parkingmaastricht.nl\/fr\/wp-json\/wp\/v2\/product_cat?post=7508"},{"taxonomy":"product_tag","embeddable":true,"href":"https:\/\/parkingmaastricht.nl\/fr\/wp-json\/wp\/v2\/product_tag?post=7508"}],"curies":[{"name":"wp","href":"https:\/\/api.w.org\/{rel}","templated":true}]}}