{"id":11979,"date":"2025-01-23T09:43:16","date_gmt":"2025-01-23T07:43:16","guid":{"rendered":"https:\/\/parkingmaastricht.nl\/?post_type=product&#038;p=11979"},"modified":"2026-01-08T17:53:19","modified_gmt":"2026-01-08T15:53:19","slug":"6x24-carte-de-stationnement","status":"publish","type":"product","link":"https:\/\/parkingmaastricht.nl\/fr\/produit\/6x24-carte-de-stationnement\/","title":{"rendered":"6&#215;24 Carte de stationnement"},"content":{"rendered":"<h2 data-start=\"50\" data-end=\"98\">Comment Louer une Place de Parking Mensuelle<\/h2>\n<p data-start=\"100\" data-end=\"232\"><strong data-start=\"100\" data-end=\"113\">\u00c9tape 1 :<\/strong> Choisissez d\u2019abord la date de d\u00e9but souhait\u00e9e pour le stationnement mensuel, puis cliquez sur \u00ab Ajouter au panier \u00bb.<\/p>\n<p data-start=\"234\" data-end=\"363\"><strong data-start=\"234\" data-end=\"247\">\u00c9tape 2 :<\/strong> Ensuite, saisissez les informations de facturation requises et poursuivez vers votre portail de paiement pr\u00e9f\u00e9r\u00e9.<\/p>\n<h2 data-start=\"370\" data-end=\"444\">Stationnement 6 Jours par Semaine (Lundi\u2013Samedi) aux Tarifs Mensuels !<\/h2>\n<p data-start=\"446\" data-end=\"916\">\u00cates-vous un visiteur r\u00e9gulier du c\u0153ur dynamique de Maastricht, mais pr\u00e9f\u00e9rez passer vos dimanches dans la nature plut\u00f4t qu\u2019en ville ? Alors, cette option de location est id\u00e9ale pour vous. Avec l\u2019abonnement <strong data-start=\"653\" data-end=\"661\">6&#215;24<\/strong>, vous pouvez stationner de mani\u00e8re illimit\u00e9e du lundi au samedi. Pour seulement <strong data-start=\"742\" data-end=\"754\">142,30 \u20ac<\/strong>, vous pouvez r\u00e9server en ligne une place de parking pour 30 jours complets, tout en profitant de la commodit\u00e9 d\u2019\u00eatre \u00e0 seulement 10 minutes \u00e0 pied du Vrijthof.<\/p>\n<p data-start=\"918\" data-end=\"1586\">Notre abonnement mensuel <strong data-start=\"943\" data-end=\"951\">6&#215;24<\/strong> est parfait pour tous ceux qui travaillent, vivent ou \u00e9tudient en ville. Si vous vous rendez quotidiennement au centre-ville, cet abonnement offre une solution de stationnement sans souci \u00e0 proximit\u00e9 de votre domicile ou de votre lieu de travail. De plus, il vous lib\u00e8re du stress quotidien de trouver et de payer le stationnement, vous permettant de vous concentrer pleinement sur votre travail, vos \u00e9tudes ou de profiter de la vie dans cette magnifique ville. C\u2019est un investissement dans la commodit\u00e9 et la tranquillit\u00e9 d\u2019esprit, garantissant que votre temps \u00e0 Maastricht se d\u00e9roule aussi facilement et agr\u00e9ablement que possible.<\/p>\n<h2 data-start=\"1593\" data-end=\"1630\">Comment se Garer sur Notre Site ?<\/h2>\n<p data-start=\"1632\" data-end=\"2273\">Notre syst\u00e8me de r\u00e9servation fonctionne de mani\u00e8re totalement autonome. Lors du processus de r\u00e9servation, il vous sera demand\u00e9 de saisir votre num\u00e9ro de plaque d\u2019immatriculation, qui sera automatiquement ajout\u00e9 au syst\u00e8me de parking apr\u00e8s le paiement. \u00c0 partir de la date de d\u00e9but choisie, vous pourrez stationner de mani\u00e8re illimit\u00e9e pendant 30 jours du lundi au samedi gr\u00e2ce \u00e0 votre plaque d\u2019immatriculation. La barri\u00e8re reconna\u00eet votre plaque \u00e0 l\u2019arriv\u00e9e et s\u2019ouvre automatiquement \u2014 il en va de m\u00eame \u00e0 la sortie. Si vous souhaitez exceptionnellement stationner un dimanche, cela est \u00e9galement possible aux tarifs journaliers habituels.<\/p>\n","protected":false},"excerpt":{"rendered":"<div class=\"page\" title=\"Page 4\">\n<div class=\"layoutArea\">\n<div class=\"column\">\n<ul>\n<li data-start=\"34\" data-end=\"112\">Entr\u00e9e\/sortie via la plaque d\u2019immatriculation fournie lors de la r\u00e9servation<\/li>\n<li data-start=\"115\" data-end=\"176\">Stationnement illimit\u00e9 pendant 30 jours, du lundi au samedi<\/li>\n<li data-start=\"179\" data-end=\"212\">\u00c0 10 minutes \u00e0 pied du Vrijthof<\/li>\n<li data-start=\"215\" data-end=\"247\">S\u00e9curis\u00e9 avec cam\u00e9ras et portail<\/li>\n<\/ul>\n<\/div>\n<\/div>\n<\/div>\n","protected":false},"featured_media":7510,"comment_status":"open","ping_status":"closed","template":"","meta":{"_acf_changed":false},"product_brand":[],"product_cat":[151],"product_tag":[156,179],"class_list":{"0":"post-11979","1":"product","2":"type-product","3":"status-publish","4":"has-post-thumbnail","6":"product_cat-non-classifiee","7":"product_tag-mensuel","8":"product_tag-parkeerabonnement","10":"first","11":"instock","12":"sold-individually","13":"taxable","14":"shipping-taxable","15":"purchasable","16":"product-type-booking"},"acf":[],"yoast_head":"<!-- This site is optimized with the Yoast SEO plugin v26.8 - https:\/\/yoast.com\/product\/yoast-seo-wordpress\/ -->\n<title>Carte de stationnement 6x24 | Parking mensuel \u00e0 Maastricht<\/title>\n<meta name=\"description\" content=\"Parking Maastricht propose une place de parking mensuelle pour 30 jours au prix de 142,30 \u20ac. Vous pouvez ainsi vous garer rapidement et facilement tous les mois.\" \/>\n<meta name=\"robots\" content=\"index, follow, max-snippet:-1, max-image-preview:large, max-video-preview:-1\" \/>\n<link rel=\"canonical\" href=\"https:\/\/parkingmaastricht.nl\/fr\/produit\/6x24-carte-de-stationnement\/\" \/>\n<meta property=\"og:locale\" content=\"fr_FR\" \/>\n<meta property=\"og:type\" content=\"article\" \/>\n<meta property=\"og:title\" content=\"Carte de stationnement 6x24 | Parking mensuel \u00e0 Maastricht\" \/>\n<meta property=\"og:description\" content=\"Parking Maastricht propose une place de parking mensuelle pour 30 jours au prix de 142,30 \u20ac. Vous pouvez ainsi vous garer rapidement et facilement tous les mois.\" \/>\n<meta property=\"og:url\" content=\"https:\/\/parkingmaastricht.nl\/fr\/produit\/6x24-carte-de-stationnement\/\" \/>\n<meta property=\"og:site_name\" content=\"Parking Maastricht\" \/>\n<meta property=\"article:modified_time\" content=\"2026-01-08T15:53:19+00:00\" \/>\n<meta property=\"og:image\" content=\"https:\/\/parkingmaastricht.nl\/wp-content\/uploads\/2023\/01\/Icon-.png\" \/>\n\t<meta property=\"og:image:width\" content=\"512\" \/>\n\t<meta property=\"og:image:height\" content=\"512\" \/>\n\t<meta property=\"og:image:type\" content=\"image\/png\" \/>\n<meta name=\"twitter:card\" content=\"summary_large_image\" \/>\n<meta name=\"twitter:label1\" content=\"Dur\u00e9e de lecture estim\u00e9e\" \/>\n\t<meta name=\"twitter:data1\" content=\"2 minutes\" \/>\n<!-- \/ Yoast SEO plugin. -->","yoast_head_json":{"title":"Carte de stationnement 6x24 | Parking mensuel \u00e0 Maastricht","description":"Parking Maastricht propose une place de parking mensuelle pour 30 jours au prix de 142,30 \u20ac. Vous pouvez ainsi vous garer rapidement et facilement tous les mois.","robots":{"index":"index","follow":"follow","max-snippet":"max-snippet:-1","max-image-preview":"max-image-preview:large","max-video-preview":"max-video-preview:-1"},"canonical":"https:\/\/parkingmaastricht.nl\/fr\/produit\/6x24-carte-de-stationnement\/","og_locale":"fr_FR","og_type":"article","og_title":"Carte de stationnement 6x24 | Parking mensuel \u00e0 Maastricht","og_description":"Parking Maastricht propose une place de parking mensuelle pour 30 jours au prix de 142,30 \u20ac. Vous pouvez ainsi vous garer rapidement et facilement tous les mois.","og_url":"https:\/\/parkingmaastricht.nl\/fr\/produit\/6x24-carte-de-stationnement\/","og_site_name":"Parking Maastricht","article_modified_time":"2026-01-08T15:53:19+00:00","og_image":[{"width":512,"height":512,"url":"https:\/\/parkingmaastricht.nl\/wp-content\/uploads\/2023\/01\/Icon-.png","type":"image\/png"}],"twitter_card":"summary_large_image","twitter_misc":{"Dur\u00e9e de lecture estim\u00e9e":"2 minutes"},"schema":{"@context":"https:\/\/schema.org","@graph":[{"@type":"WebPage","@id":"https:\/\/parkingmaastricht.nl\/fr\/produit\/6x24-carte-de-stationnement\/","url":"https:\/\/parkingmaastricht.nl\/fr\/produit\/6x24-carte-de-stationnement\/","name":"Carte de stationnement 6x24 | Parking mensuel \u00e0 Maastricht","isPartOf":{"@id":"https:\/\/parkingmaastricht.nl\/#website"},"primaryImageOfPage":{"@id":"https:\/\/parkingmaastricht.nl\/fr\/produit\/6x24-carte-de-stationnement\/#primaryimage"},"image":{"@id":"https:\/\/parkingmaastricht.nl\/fr\/produit\/6x24-carte-de-stationnement\/#primaryimage"},"thumbnailUrl":"https:\/\/parkingmaastricht.nl\/wp-content\/uploads\/2023\/01\/Icon-.png","datePublished":"2025-01-23T07:43:16+00:00","dateModified":"2026-01-08T15:53:19+00:00","description":"Parking Maastricht propose une place de parking mensuelle pour 30 jours au prix de 142,30 \u20ac. Vous pouvez ainsi vous garer rapidement et facilement tous les mois.","breadcrumb":{"@id":"https:\/\/parkingmaastricht.nl\/fr\/produit\/6x24-carte-de-stationnement\/#breadcrumb"},"inLanguage":"fr-FR","potentialAction":[{"@type":"ReadAction","target":["https:\/\/parkingmaastricht.nl\/fr\/produit\/6x24-carte-de-stationnement\/"]}]},{"@type":"ImageObject","inLanguage":"fr-FR","@id":"https:\/\/parkingmaastricht.nl\/fr\/produit\/6x24-carte-de-stationnement\/#primaryimage","url":"https:\/\/parkingmaastricht.nl\/wp-content\/uploads\/2023\/01\/Icon-.png","contentUrl":"https:\/\/parkingmaastricht.nl\/wp-content\/uploads\/2023\/01\/Icon-.png","width":512,"height":512},{"@type":"BreadcrumbList","@id":"https:\/\/parkingmaastricht.nl\/fr\/produit\/6x24-carte-de-stationnement\/#breadcrumb","itemListElement":[{"@type":"ListItem","position":1,"name":"Home","item":"https:\/\/parkingmaastricht.nl\/fr\/parking-de-maastricht\/"},{"@type":"ListItem","position":2,"name":"Boutique","item":"https:\/\/parkingmaastricht.nl\/fr\/?page_id=7367"},{"@type":"ListItem","position":3,"name":"6&#215;24 Carte de stationnement"}]},{"@type":"WebSite","@id":"https:\/\/parkingmaastricht.nl\/#website","url":"https:\/\/parkingmaastricht.nl\/","name":"Parking Maastricht","description":"Book online, park and enjoy the city of Maastricht!","publisher":{"@id":"https:\/\/parkingmaastricht.nl\/#organization"},"alternateName":"Parking in Maastricht","potentialAction":[{"@type":"SearchAction","target":{"@type":"EntryPoint","urlTemplate":"https:\/\/parkingmaastricht.nl\/?s={search_term_string}"},"query-input":{"@type":"PropertyValueSpecification","valueRequired":true,"valueName":"search_term_string"}}],"inLanguage":"fr-FR"},{"@type":"Organization","@id":"https:\/\/parkingmaastricht.nl\/#organization","name":"Parking Maastricht","alternateName":"Parking in Maastricht","url":"https:\/\/parkingmaastricht.nl\/","logo":{"@type":"ImageObject","inLanguage":"fr-FR","@id":"https:\/\/parkingmaastricht.nl\/#\/schema\/logo\/image\/","url":"https:\/\/parkingmaastricht.nl\/wp-content\/uploads\/2023\/02\/0EDEFBF3-8FB0-4F2F-83A8-192AD45A5DAE.png","contentUrl":"https:\/\/parkingmaastricht.nl\/wp-content\/uploads\/2023\/02\/0EDEFBF3-8FB0-4F2F-83A8-192AD45A5DAE.png","width":696,"height":696,"caption":"Parking Maastricht"},"image":{"@id":"https:\/\/parkingmaastricht.nl\/#\/schema\/logo\/image\/"}}]}},"_links":{"self":[{"href":"https:\/\/parkingmaastricht.nl\/fr\/wp-json\/wp\/v2\/product\/11979","targetHints":{"allow":["GET"]}}],"collection":[{"href":"https:\/\/parkingmaastricht.nl\/fr\/wp-json\/wp\/v2\/product"}],"about":[{"href":"https:\/\/parkingmaastricht.nl\/fr\/wp-json\/wp\/v2\/types\/product"}],"replies":[{"embeddable":true,"href":"https:\/\/parkingmaastricht.nl\/fr\/wp-json\/wp\/v2\/comments?post=11979"}],"wp:featuredmedia":[{"embeddable":true,"href":"https:\/\/parkingmaastricht.nl\/fr\/wp-json\/wp\/v2\/media\/7510"}],"wp:attachment":[{"href":"https:\/\/parkingmaastricht.nl\/fr\/wp-json\/wp\/v2\/media?parent=11979"}],"wp:term":[{"taxonomy":"product_brand","embeddable":true,"href":"https:\/\/parkingmaastricht.nl\/fr\/wp-json\/wp\/v2\/product_brand?post=11979"},{"taxonomy":"product_cat","embeddable":true,"href":"https:\/\/parkingmaastricht.nl\/fr\/wp-json\/wp\/v2\/product_cat?post=11979"},{"taxonomy":"product_tag","embeddable":true,"href":"https:\/\/parkingmaastricht.nl\/fr\/wp-json\/wp\/v2\/product_tag?post=11979"}],"curies":[{"name":"wp","href":"https:\/\/api.w.org\/{rel}","templated":true}]}}