{"id":7626,"date":"2021-01-02T11:24:53","date_gmt":"2021-01-02T09:24:53","guid":{"rendered":"https:\/\/parkingmaastricht.nl\/portail-clients\/"},"modified":"2021-01-02T11:24:53","modified_gmt":"2021-01-02T09:24:53","slug":"portail-clients","status":"publish","type":"page","link":"https:\/\/parkingmaastricht.nl\/fr\/portail-clients\/","title":{"rendered":"Portail clients"},"content":{"rendered":"<p>[jetpackcrm_clientportal]<\/p>\n","protected":false},"excerpt":{"rendered":"<p>[jetpackcrm_clientportal]<\/p>\n","protected":false},"author":4,"featured_media":0,"parent":0,"menu_order":0,"comment_status":"closed","ping_status":"closed","template":"","meta":{"_acf_changed":false,"footnotes":""},"class_list":["post-7626","page","type-page","status-publish","hentry"],"acf":[],"yoast_head":"<!-- This site is optimized with the Yoast SEO plugin v26.8 - https:\/\/yoast.com\/product\/yoast-seo-wordpress\/ -->\n<title>Portail Clients - G\u00e9rez vos r\u00e9servations<\/title>\n<meta name=\"description\" content=\"Acc\u00e9dez \u00e0 votre portail client personnel pour Parking Maastricht. G\u00e9rez et modifiez facilement vos r\u00e9servations de parking \u00e0 Cabergerweg 10. Explorer maintenant !\" \/>\n<meta name=\"robots\" content=\"index, follow, max-snippet:-1, max-image-preview:large, max-video-preview:-1\" \/>\n<link rel=\"canonical\" href=\"https:\/\/parkingmaastricht.nl\/fr\/portail-clients\/\" \/>\n<meta property=\"og:locale\" content=\"fr_FR\" \/>\n<meta property=\"og:type\" content=\"article\" \/>\n<meta property=\"og:title\" content=\"Portail Clients - G\u00e9rez vos r\u00e9servations\" \/>\n<meta property=\"og:description\" content=\"Acc\u00e9dez \u00e0 votre portail client personnel pour Parking Maastricht. G\u00e9rez et modifiez facilement vos r\u00e9servations de parking \u00e0 Cabergerweg 10. Explorer maintenant !\" \/>\n<meta property=\"og:url\" content=\"https:\/\/parkingmaastricht.nl\/fr\/portail-clients\/\" \/>\n<meta property=\"og:site_name\" content=\"Parking Maastricht\" \/>\n<meta property=\"og:image\" content=\"https:\/\/parkingmaastricht.nl\/wp-content\/uploads\/2023\/02\/Screenshot-2023-02-25-at-18.31.11.png\" \/>\n\t<meta property=\"og:image:width\" content=\"824\" \/>\n\t<meta property=\"og:image:height\" content=\"558\" \/>\n\t<meta property=\"og:image:type\" content=\"image\/png\" \/>\n<meta name=\"twitter:card\" content=\"summary_large_image\" \/>\n<!-- \/ Yoast SEO plugin. -->","yoast_head_json":{"title":"Portail Clients - G\u00e9rez vos r\u00e9servations","description":"Acc\u00e9dez \u00e0 votre portail client personnel pour Parking Maastricht. G\u00e9rez et modifiez facilement vos r\u00e9servations de parking \u00e0 Cabergerweg 10. Explorer maintenant !","robots":{"index":"index","follow":"follow","max-snippet":"max-snippet:-1","max-image-preview":"max-image-preview:large","max-video-preview":"max-video-preview:-1"},"canonical":"https:\/\/parkingmaastricht.nl\/fr\/portail-clients\/","og_locale":"fr_FR","og_type":"article","og_title":"Portail Clients - G\u00e9rez vos r\u00e9servations","og_description":"Acc\u00e9dez \u00e0 votre portail client personnel pour Parking Maastricht. G\u00e9rez et modifiez facilement vos r\u00e9servations de parking \u00e0 Cabergerweg 10. Explorer maintenant !","og_url":"https:\/\/parkingmaastricht.nl\/fr\/portail-clients\/","og_site_name":"Parking Maastricht","og_image":[{"width":824,"height":558,"url":"https:\/\/parkingmaastricht.nl\/wp-content\/uploads\/2023\/02\/Screenshot-2023-02-25-at-18.31.11.png","type":"image\/png"}],"twitter_card":"summary_large_image","schema":{"@context":"https:\/\/schema.org","@graph":[{"@type":"WebPage","@id":"https:\/\/parkingmaastricht.nl\/fr\/portail-clients\/","url":"https:\/\/parkingmaastricht.nl\/fr\/portail-clients\/","name":"Portail Clients - G\u00e9rez vos r\u00e9servations","isPartOf":{"@id":"https:\/\/parkingmaastricht.nl\/#website"},"datePublished":"2021-01-02T09:24:53+00:00","description":"Acc\u00e9dez \u00e0 votre portail client personnel pour Parking Maastricht. G\u00e9rez et modifiez facilement vos r\u00e9servations de parking \u00e0 Cabergerweg 10. Explorer maintenant !","breadcrumb":{"@id":"https:\/\/parkingmaastricht.nl\/fr\/portail-clients\/#breadcrumb"},"inLanguage":"fr-FR","potentialAction":[{"@type":"ReadAction","target":["https:\/\/parkingmaastricht.nl\/fr\/portail-clients\/"]}]},{"@type":"BreadcrumbList","@id":"https:\/\/parkingmaastricht.nl\/fr\/portail-clients\/#breadcrumb","itemListElement":[{"@type":"ListItem","position":1,"name":"Home","item":"https:\/\/parkingmaastricht.nl\/fr\/parking-de-maastricht\/"},{"@type":"ListItem","position":2,"name":"Portail clients"}]},{"@type":"WebSite","@id":"https:\/\/parkingmaastricht.nl\/#website","url":"https:\/\/parkingmaastricht.nl\/","name":"Parking Maastricht","description":"Book online, park and enjoy the city of Maastricht!","publisher":{"@id":"https:\/\/parkingmaastricht.nl\/#organization"},"alternateName":"Parking in Maastricht","potentialAction":[{"@type":"SearchAction","target":{"@type":"EntryPoint","urlTemplate":"https:\/\/parkingmaastricht.nl\/?s={search_term_string}"},"query-input":{"@type":"PropertyValueSpecification","valueRequired":true,"valueName":"search_term_string"}}],"inLanguage":"fr-FR"},{"@type":"Organization","@id":"https:\/\/parkingmaastricht.nl\/#organization","name":"Parking Maastricht","alternateName":"Parking in Maastricht","url":"https:\/\/parkingmaastricht.nl\/","logo":{"@type":"ImageObject","inLanguage":"fr-FR","@id":"https:\/\/parkingmaastricht.nl\/#\/schema\/logo\/image\/","url":"https:\/\/parkingmaastricht.nl\/wp-content\/uploads\/2023\/02\/0EDEFBF3-8FB0-4F2F-83A8-192AD45A5DAE.png","contentUrl":"https:\/\/parkingmaastricht.nl\/wp-content\/uploads\/2023\/02\/0EDEFBF3-8FB0-4F2F-83A8-192AD45A5DAE.png","width":696,"height":696,"caption":"Parking Maastricht"},"image":{"@id":"https:\/\/parkingmaastricht.nl\/#\/schema\/logo\/image\/"}}]}},"_links":{"self":[{"href":"https:\/\/parkingmaastricht.nl\/fr\/wp-json\/wp\/v2\/pages\/7626","targetHints":{"allow":["GET"]}}],"collection":[{"href":"https:\/\/parkingmaastricht.nl\/fr\/wp-json\/wp\/v2\/pages"}],"about":[{"href":"https:\/\/parkingmaastricht.nl\/fr\/wp-json\/wp\/v2\/types\/page"}],"author":[{"embeddable":true,"href":"https:\/\/parkingmaastricht.nl\/fr\/wp-json\/wp\/v2\/users\/4"}],"replies":[{"embeddable":true,"href":"https:\/\/parkingmaastricht.nl\/fr\/wp-json\/wp\/v2\/comments?post=7626"}],"version-history":[{"count":0,"href":"https:\/\/parkingmaastricht.nl\/fr\/wp-json\/wp\/v2\/pages\/7626\/revisions"}],"wp:attachment":[{"href":"https:\/\/parkingmaastricht.nl\/fr\/wp-json\/wp\/v2\/media?parent=7626"}],"curies":[{"name":"wp","href":"https:\/\/api.w.org\/{rel}","templated":true}]}}