{"id":7513,"date":"2023-02-20T20:22:24","date_gmt":"2023-02-20T18:22:24","guid":{"rendered":"https:\/\/parkingmaastricht.nl\/product\/5x24-parkausweis\/"},"modified":"2026-01-08T17:54:08","modified_gmt":"2026-01-08T15:54:08","slug":"5x24-parkausweis","status":"publish","type":"product","link":"https:\/\/parkingmaastricht.nl\/de\/produkt\/5x24-parkausweis\/","title":{"rendered":"5&#215;24 Parkausweis"},"content":{"rendered":"<h2 data-start=\"115\" data-end=\"160\">So mieten Sie einen monatlichen Parkplatz<\/h2>\n<p data-start=\"162\" data-end=\"296\"><strong data-start=\"162\" data-end=\"176\">Schritt 1:<\/strong> W\u00e4hlen Sie zun\u00e4chst Ihr gew\u00fcnschtes Startdatum f\u00fcr das monatliche Parken und klicken Sie dann auf \u201eIn den Warenkorb\u201c.<\/p>\n<p data-start=\"298\" data-end=\"440\"><strong data-start=\"298\" data-end=\"312\">Schritt 2:<\/strong> Geben Sie anschlie\u00dfend die erforderlichen Rechnungsinformationen ein und fahren Sie zu Ihrem bevorzugten Zahlungsportal fort.<\/p>\n<h2 data-start=\"447\" data-end=\"509\">Parken 5 Tage die Woche (Montag\u2013Freitag) zu Monatspreisen!<\/h2>\n<p data-start=\"511\" data-end=\"950\">Sind Sie ein regelm\u00e4\u00dfiger Besucher des lebendigen Herzens von Maastricht, verbringen Ihre Wochenenden aber lieber in der Natur oder anderswo? Dann ist dies die ideale Mietoption f\u00fcr Sie. Mit dem <strong data-start=\"706\" data-end=\"725\">5&#215;24-Abonnement<\/strong> k\u00f6nnen Sie von Montag bis Freitag unbegrenzt parken. F\u00fcr nur <strong data-start=\"787\" data-end=\"799\">\u20ac<\/strong><strong data-start=\"787\" data-end=\"799\">123,39<\/strong>\u00a0k\u00f6nnen Sie online einen Parkplatz f\u00fcr volle 30 Tage reservieren und gleichzeitig den Komfort genie\u00dfen, nur 10 Minuten vom Vrijthof entfernt zu sein.<\/p>\n<p data-start=\"952\" data-end=\"1582\">Unser monatliches <strong data-start=\"970\" data-end=\"993\">5&#215;24-Parkabonnement<\/strong> ist ideal f\u00fcr alle, die in der Stadt arbeiten, wohnen oder studieren. Wenn Sie t\u00e4glich ins Stadtzentrum pendeln, bietet dieses Abonnement eine stressfreie Parkl\u00f6sung in der N\u00e4he Ihres Hauses oder Arbeitsplatzes. Dar\u00fcber hinaus befreit es Sie vom t\u00e4glichen Stress, einen Parkplatz zu finden und zu bezahlen, sodass Sie sich vollst\u00e4ndig auf Ihre Arbeit, Ihr Studium oder das Genie\u00dfen des Lebens in dieser wundersch\u00f6nen Stadt konzentrieren k\u00f6nnen. Es ist eine Investition in Komfort und Ruhe, die sicherstellt, dass Ihre Zeit in Maastricht so reibungslos und angenehm wie m\u00f6glich verl\u00e4uft.<\/p>\n<h2 data-start=\"1589\" data-end=\"1628\">Wie parken Sie auf unserem Gel\u00e4nde?<\/h2>\n<p data-start=\"1630\" data-end=\"2174\">Unser Buchungssystem arbeitet vollst\u00e4ndig autonom. W\u00e4hrend des Buchungsvorgangs werden Sie gebeten, Ihr Kfz-Kennzeichen einzugeben, das nach der Zahlung automatisch in das Parksystem aufgenommen wird. Ab dem von Ihnen gew\u00e4hlten Startdatum k\u00f6nnen Sie 30 Tage lang von Montag bis Freitag unbegrenzt ein- und ausfahren. Die Schranke erkennt Ihr Kennzeichen bei der Ankunft und \u00f6ffnet automatisch \u2014 dasselbe gilt beim Ausfahren. Wenn Sie jedoch ausnahmsweise am Wochenende parken m\u00f6chten, ist dies ebenfalls zu den regul\u00e4ren Tagestarifen m\u00f6glich.<\/p>\n","protected":false},"excerpt":{"rendered":"<div class=\"page\" title=\"Seite 4\">\n<div class=\"layoutArea\">\n<div class=\"column\">\n<ul>\n<li data-start=\"529\" data-end=\"596\">Ein- und Ausfahrt \u00fcber das bei der Buchung angegebene Kennzeichen<\/li>\n<li data-start=\"599\" data-end=\"656\">Unbegrenztes Parken f\u00fcr 30 Tage, von Montag bis Freitag<\/li>\n<li data-start=\"659\" data-end=\"687\">10 Gehminuten zum Vrijthof<\/li>\n<li data-start=\"690\" data-end=\"721\">Gesichert mit Kameras und Tor<\/li>\n<\/ul>\n<\/div>\n<\/div>\n<\/div>\n","protected":false},"featured_media":7505,"comment_status":"open","ping_status":"closed","template":"","meta":{"_acf_changed":false},"product_brand":[],"product_cat":[152],"product_tag":[178,158],"class_list":{"0":"post-7513","1":"product","2":"type-product","3":"status-publish","4":"has-post-thumbnail","6":"product_cat-unkategorisiert","7":"product_tag-parkeerabonnement","8":"product_tag-wochentlich","10":"first","11":"instock","12":"sold-individually","13":"taxable","14":"shipping-taxable","15":"purchasable","16":"product-type-booking"},"acf":[],"yoast_head":"<!-- This site is optimized with the Yoast SEO plugin v26.8 - https:\/\/yoast.com\/product\/yoast-seo-wordpress\/ -->\n<title>5x24 Parken Abonnement | Monatliches Parken<\/title>\n<meta name=\"description\" content=\"Planen Sie, in Maastricht zu wohnen, zu studieren oder zu arbeiten? Parking Maastricht bietet von Montag bis Freitag ein 5x24-Parkabonnement an.\" \/>\n<meta name=\"robots\" content=\"index, follow, max-snippet:-1, max-image-preview:large, max-video-preview:-1\" \/>\n<link rel=\"canonical\" href=\"https:\/\/parkingmaastricht.nl\/de\/produkt\/5x24-parkausweis\/\" \/>\n<meta property=\"og:locale\" content=\"de_DE\" \/>\n<meta property=\"og:type\" content=\"article\" \/>\n<meta property=\"og:title\" content=\"5x24 Parken Abonnement | Monatliches Parken\" \/>\n<meta property=\"og:description\" content=\"Planen Sie, in Maastricht zu wohnen, zu studieren oder zu arbeiten? Parking Maastricht bietet von Montag bis Freitag ein 5x24-Parkabonnement an.\" \/>\n<meta property=\"og:url\" content=\"https:\/\/parkingmaastricht.nl\/de\/produkt\/5x24-parkausweis\/\" \/>\n<meta property=\"og:site_name\" content=\"Parking Maastricht\" \/>\n<meta property=\"article:modified_time\" content=\"2026-01-08T15:54:08+00:00\" \/>\n<meta property=\"og:image\" content=\"https:\/\/parkingmaastricht.nl\/wp-content\/uploads\/2023\/01\/Icon-.png\" \/>\n\t<meta property=\"og:image:width\" content=\"512\" \/>\n\t<meta property=\"og:image:height\" content=\"512\" \/>\n\t<meta property=\"og:image:type\" content=\"image\/png\" \/>\n<meta name=\"twitter:card\" content=\"summary_large_image\" \/>\n<meta name=\"twitter:label1\" content=\"Gesch\u00e4tzte Lesezeit\" \/>\n\t<meta name=\"twitter:data1\" content=\"2\u00a0Minuten\" \/>\n<!-- \/ Yoast SEO plugin. -->","yoast_head_json":{"title":"5x24 Parken Abonnement | Monatliches Parken","description":"Planen Sie, in Maastricht zu wohnen, zu studieren oder zu arbeiten? Parking Maastricht bietet von Montag bis Freitag ein 5x24-Parkabonnement an.","robots":{"index":"index","follow":"follow","max-snippet":"max-snippet:-1","max-image-preview":"max-image-preview:large","max-video-preview":"max-video-preview:-1"},"canonical":"https:\/\/parkingmaastricht.nl\/de\/produkt\/5x24-parkausweis\/","og_locale":"de_DE","og_type":"article","og_title":"5x24 Parken Abonnement | Monatliches Parken","og_description":"Planen Sie, in Maastricht zu wohnen, zu studieren oder zu arbeiten? Parking Maastricht bietet von Montag bis Freitag ein 5x24-Parkabonnement an.","og_url":"https:\/\/parkingmaastricht.nl\/de\/produkt\/5x24-parkausweis\/","og_site_name":"Parking Maastricht","article_modified_time":"2026-01-08T15:54:08+00:00","og_image":[{"width":512,"height":512,"url":"https:\/\/parkingmaastricht.nl\/wp-content\/uploads\/2023\/01\/Icon-.png","type":"image\/png"}],"twitter_card":"summary_large_image","twitter_misc":{"Gesch\u00e4tzte Lesezeit":"2\u00a0Minuten"},"schema":{"@context":"https:\/\/schema.org","@graph":[{"@type":"WebPage","@id":"https:\/\/parkingmaastricht.nl\/de\/produkt\/5x24-parkausweis\/","url":"https:\/\/parkingmaastricht.nl\/de\/produkt\/5x24-parkausweis\/","name":"5x24 Parken Abonnement | Monatliches Parken","isPartOf":{"@id":"https:\/\/parkingmaastricht.nl\/#website"},"primaryImageOfPage":{"@id":"https:\/\/parkingmaastricht.nl\/de\/produkt\/5x24-parkausweis\/#primaryimage"},"image":{"@id":"https:\/\/parkingmaastricht.nl\/de\/produkt\/5x24-parkausweis\/#primaryimage"},"thumbnailUrl":"https:\/\/parkingmaastricht.nl\/wp-content\/uploads\/2023\/01\/Icon-.png","datePublished":"2023-02-20T18:22:24+00:00","dateModified":"2026-01-08T15:54:08+00:00","description":"Planen Sie, in Maastricht zu wohnen, zu studieren oder zu arbeiten? Parking Maastricht bietet von Montag bis Freitag ein 5x24-Parkabonnement an.","breadcrumb":{"@id":"https:\/\/parkingmaastricht.nl\/de\/produkt\/5x24-parkausweis\/#breadcrumb"},"inLanguage":"de","potentialAction":[{"@type":"ReadAction","target":["https:\/\/parkingmaastricht.nl\/de\/produkt\/5x24-parkausweis\/"]}]},{"@type":"ImageObject","inLanguage":"de","@id":"https:\/\/parkingmaastricht.nl\/de\/produkt\/5x24-parkausweis\/#primaryimage","url":"https:\/\/parkingmaastricht.nl\/wp-content\/uploads\/2023\/01\/Icon-.png","contentUrl":"https:\/\/parkingmaastricht.nl\/wp-content\/uploads\/2023\/01\/Icon-.png","width":512,"height":512},{"@type":"BreadcrumbList","@id":"https:\/\/parkingmaastricht.nl\/de\/produkt\/5x24-parkausweis\/#breadcrumb","itemListElement":[{"@type":"ListItem","position":1,"name":"Home","item":"https:\/\/parkingmaastricht.nl\/de\/parkhaus-maastricht\/"},{"@type":"ListItem","position":2,"name":"Shop","item":"https:\/\/parkingmaastricht.nl\/de\/shop\/"},{"@type":"ListItem","position":3,"name":"5&#215;24 Parkausweis"}]},{"@type":"WebSite","@id":"https:\/\/parkingmaastricht.nl\/#website","url":"https:\/\/parkingmaastricht.nl\/","name":"Parking Maastricht","description":"Book online, park and enjoy the city of Maastricht!","publisher":{"@id":"https:\/\/parkingmaastricht.nl\/#organization"},"alternateName":"Parking in Maastricht","potentialAction":[{"@type":"SearchAction","target":{"@type":"EntryPoint","urlTemplate":"https:\/\/parkingmaastricht.nl\/?s={search_term_string}"},"query-input":{"@type":"PropertyValueSpecification","valueRequired":true,"valueName":"search_term_string"}}],"inLanguage":"de"},{"@type":"Organization","@id":"https:\/\/parkingmaastricht.nl\/#organization","name":"Parking Maastricht","alternateName":"Parking in Maastricht","url":"https:\/\/parkingmaastricht.nl\/","logo":{"@type":"ImageObject","inLanguage":"de","@id":"https:\/\/parkingmaastricht.nl\/#\/schema\/logo\/image\/","url":"https:\/\/parkingmaastricht.nl\/wp-content\/uploads\/2023\/02\/0EDEFBF3-8FB0-4F2F-83A8-192AD45A5DAE.png","contentUrl":"https:\/\/parkingmaastricht.nl\/wp-content\/uploads\/2023\/02\/0EDEFBF3-8FB0-4F2F-83A8-192AD45A5DAE.png","width":696,"height":696,"caption":"Parking Maastricht"},"image":{"@id":"https:\/\/parkingmaastricht.nl\/#\/schema\/logo\/image\/"}}]}},"_links":{"self":[{"href":"https:\/\/parkingmaastricht.nl\/de\/wp-json\/wp\/v2\/product\/7513","targetHints":{"allow":["GET"]}}],"collection":[{"href":"https:\/\/parkingmaastricht.nl\/de\/wp-json\/wp\/v2\/product"}],"about":[{"href":"https:\/\/parkingmaastricht.nl\/de\/wp-json\/wp\/v2\/types\/product"}],"replies":[{"embeddable":true,"href":"https:\/\/parkingmaastricht.nl\/de\/wp-json\/wp\/v2\/comments?post=7513"}],"wp:featuredmedia":[{"embeddable":true,"href":"https:\/\/parkingmaastricht.nl\/de\/wp-json\/wp\/v2\/media\/7505"}],"wp:attachment":[{"href":"https:\/\/parkingmaastricht.nl\/de\/wp-json\/wp\/v2\/media?parent=7513"}],"wp:term":[{"taxonomy":"product_brand","embeddable":true,"href":"https:\/\/parkingmaastricht.nl\/de\/wp-json\/wp\/v2\/product_brand?post=7513"},{"taxonomy":"product_cat","embeddable":true,"href":"https:\/\/parkingmaastricht.nl\/de\/wp-json\/wp\/v2\/product_cat?post=7513"},{"taxonomy":"product_tag","embeddable":true,"href":"https:\/\/parkingmaastricht.nl\/de\/wp-json\/wp\/v2\/product_tag?post=7513"}],"curies":[{"name":"wp","href":"https:\/\/api.w.org\/{rel}","templated":true}]}}