{"id":7504,"date":"2020-09-16T11:21:25","date_gmt":"2020-09-16T09:21:25","guid":{"rendered":"https:\/\/parkingmaastricht.nl\/product\/tagliches-parken\/"},"modified":"2025-12-04T01:27:18","modified_gmt":"2025-12-03T23:27:18","slug":"tagliches-parken","status":"publish","type":"product","link":"https:\/\/parkingmaastricht.nl\/de\/produkt\/tagliches-parken\/","title":{"rendered":"T\u00e4gliches Parken"},"content":{"rendered":"<h3 data-start=\"45\" data-end=\"96\"><strong data-start=\"49\" data-end=\"96\">3 Schritte zu Ihrem Parkplatz in Maastricht<\/strong><\/h3>\n<p data-start=\"98\" data-end=\"274\"><strong data-start=\"98\" data-end=\"151\">Schritt 1: W\u00e4hlen Sie Ihr Ein- und Ausfahrtsdatum<\/strong><br data-start=\"151\" data-end=\"154\" \/>Beginnen Sie mit der Auswahl Ihres Ankunfts- und Abreisedatums. Klicken Sie anschlie\u00dfend einfach auf \u201eIn den Warenkorb\u201c.<\/p>\n<p data-start=\"276\" data-end=\"416\"><strong data-start=\"276\" data-end=\"321\">Schritt 2: \u00dcberpr\u00fcfen Sie Ihren Warenkorb<\/strong><br data-start=\"321\" data-end=\"324\" \/>\u00dcberpr\u00fcfen Sie, ob Ihre ausgew\u00e4hlten Daten korrekt sind. Klicken Sie danach auf \u201eZur Kasse\u201c.<\/p>\n<p data-start=\"418\" data-end=\"593\"><strong data-start=\"418\" data-end=\"455\">Schritt 3: Reservieren &amp; bezahlen<\/strong><br data-start=\"455\" data-end=\"458\" \/>Geben Sie die erforderlichen Rechnungsinformationen sowie Ihr Kennzeichen ein und fahren Sie mit Ihrem bevorzugten Zahlungsportal fort.<\/p>\n<p><strong>Die Zufahrt zum Parkplatz wird mit der bei der Abmeldung angegebenen Registrierungsnummer gew\u00e4hrt.<\/strong><\/p>\n<p>&nbsp;<\/p>\n<h3 data-start=\"704\" data-end=\"752\"><strong data-start=\"708\" data-end=\"752\">Parken an der Cabergerweg in Maastricht!<\/strong><\/h3>\n<p data-start=\"754\" data-end=\"974\">Jedes Jahr zieht die stimmungsvolle Stadt Maastricht \u00fcber eine Million Besucher an \u2013 und eine geeignete, bezahlbare Parkm\u00f6glichkeit zu finden, sei es f\u00fcr einen Tag, eine Woche oder einen Monat, ist ein bekanntes Problem.<\/p>\n<p data-start=\"976\" data-end=\"1269\">Aufgrund des regen Verkehrs im Stadtgebiet kann die Parkplatzsuche stressig sein. Daher wird dringend empfohlen, vor Ihrem Besuch in Maastricht immer im Voraus einen Parkplatz zu reservieren. So sind Sie sicher, dass Sie eine reibungslose Parkerfahrung und einen garantierten Stellplatz haben.<\/p>\n<p data-start=\"1271\" data-end=\"1510\">Stellen Sie sich vor, Sie parken Ihr Auto nur 10 Gehminuten vom lebhaften Stadtzentrum von Maastricht entfernt \u2013 und das f\u00fcr nur <strong data-start=\"1400\" data-end=\"1419\">10,00 \u20ac pro Tag<\/strong>. Im Herzen der Innenstadt k\u00f6nnen die Preise jedoch auf <strong data-start=\"1475\" data-end=\"1501\">bis zu 35,00 \u20ac pro Tag<\/strong> steigen.<\/p>\n<p data-start=\"1512\" data-end=\"1828\">Einer der gr\u00f6\u00dften Vorteile, bei uns zu parken, ist die Flexibilit\u00e4t. Wir wissen, dass Reisepl\u00e4ne unvorhersehbar sein k\u00f6nnen. Deshalb ist Ihre Parkplatzreservierung bei uns von <strong data-start=\"1688\" data-end=\"1711\">00:00 bis 23:59 Uhr<\/strong> g\u00fcltig \u2013 ohne feste Ein- oder Ausfahrtszeiten. So k\u00f6nnen Sie Ihren Aufenthalt genie\u00dfen, ohne sich gehetzt zu f\u00fchlen.<\/p>\n<h3 data-start=\"1835\" data-end=\"1864\"><strong data-start=\"1839\" data-end=\"1864\">Warum bei uns parken?<\/strong><\/h3>\n<p data-start=\"1866\" data-end=\"2287\">Unser Parkplatz ist <strong data-start=\"1886\" data-end=\"1905\">24\/7 zug\u00e4nglich<\/strong> und wird rund um die Uhr per Kamera \u00fcberwacht. Zus\u00e4tzlich ist das Gel\u00e4nde durch einen Metallzaun gesichert. Sie k\u00f6nnen w\u00e4hrend Ihres Aufenthalts so oft ein- und ausfahren, wie Sie m\u00f6chten, und Ihre Elektrofahrzeuge an unseren Ladestationen aufladen.<br data-start=\"2155\" data-end=\"2158\" \/>Das Beste: Unser Tarif betr\u00e4gt nur <strong data-start=\"2193\" data-end=\"2220\">10,00 \u20ac pro Kalendertag<\/strong>, und wir befinden uns nur <strong data-start=\"2247\" data-end=\"2277\">10 Gehminuten vom Vrijthof<\/strong>entfernt.<\/p>\n<h3 style=\"font-weight: 400;\"><strong>Was sind die Sehensw\u00fcrdigkeiten von Maastricht?<\/strong><\/h3>\n<p>Hier finden Sie einige interessante Sehensw\u00fcrdigkeiten in Maastricht und die ungef\u00e4hre Entfernung vom Parking Maastricht:<\/p>\n<ol>\n<li><strong>Der Vrijthof<\/strong> (etwa 900 Meter): Der Vrijthof selbst ist ein wichtiger Platz in Maastricht, umgeben von zahlreichen Restaurants, historischen Geb\u00e4uden und ein gro\u00dfartiger Ort f\u00fcr Veranstaltungen und Feste. Es ist etwa 10 Gehminuten vom Parking Maastricht entfernt.<\/li>\n<li><strong>Sint-Servaasbasiliek<\/strong> (etwa 1 Kilometer): Diese alte Basilika ist eine der \u00e4ltesten Kirchen der Niederlande und liegt in der N\u00e4he des Vrijthofs, etwa 13 Gehminuten vom Parking Maastricht entfernt.<\/li>\n<li><strong>Einkaufszentrum Entre Deux<\/strong> (ca. 1,1 km): Das Entre Deux ist ein modernes Einkaufszentrum mit verschiedenen Gesch\u00e4ften, Boutiquen und Gastronomiebetrieben im Herzen von Maastricht. Es ist etwa 13 Gehminuten vom Parking Maastricht entfernt und ein idealer Ort zum Einkaufen und Entspannen w\u00e4hrend Ihres Aufenthalts in der Stadt.<\/li>\n<li><strong>Markt Maastricht<\/strong> (ca. 1,2 km): Der Markt in Maastricht ist der zentrale Platz der Stadt und liegt etwa 15 Gehminuten vom Parking Maastricht entfernt.<\/li>\n<li><strong>Basilika &amp; Platz Unserer Lieben Frau<\/strong> (ca. 1,5 km): Eine weitere sch\u00f6ne Basilika mit einem sehr angenehmen Terrassenbereich, in der N\u00e4he des Stadtparks und etwa 20 Gehminuten vom Parking Maastricht entfernt.<\/li>\n<\/ol>\n<div style=\"display: none;\">\n<p>Parken in Maastricht ist nur 10 Gehminuten von der Innenstadt entfernt und f\u00fcr einen Tagestarif von 10 Euro f\u00fcr jedermann erschwinglich&#8230; Parken kann eine stressige Aufgabe sein und sich schnell zu einem echten Albtraum entwickeln. So sind beispielsweise Sicherheit, Lage, Erreichbarkeit und Preise wichtige Faktoren f\u00fcr unsere Kunden. Deshalb bieten wir die perfekte Kombination dieser Elemente und haben uns verpflichtet, die besten Parkpl\u00e4tze in Maastricht zu bieten. Wir garantieren Ihnen eine angenehme, stressfreie Erfahrung in der Stadt Maastricht.<\/p>\n<div><\/div>\n<\/div>\n","protected":false},"excerpt":{"rendered":"<ul>\n<li>10 Gehminuten zum Vrijthof-Platz.<\/li>\n<li>Zugang\/Ausgang nach Nummernschild<\/li>\n<li>G\u00fcltig von 00:00 bis 23:59.<\/li>\n<li>Unbeschr\u00e4nkte Ein- und Ausreise w\u00e4hrend Ihres Aufenthalts.<\/li>\n<li>Keine H\u00f6henbeschr\u00e4nkungen f\u00fcr Camper.<\/li>\n<li>Am Terminal sind keine Fahrkarten oder Zahlungen erforderlich.<\/li>\n<\/ul>\n","protected":false},"featured_media":7505,"comment_status":"open","ping_status":"closed","template":"","meta":{"_acf_changed":false},"product_brand":[],"product_cat":[152],"product_tag":[153],"class_list":{"0":"post-7504","1":"product","2":"type-product","3":"status-publish","4":"has-post-thumbnail","6":"product_cat-unkategorisiert","7":"product_tag-taglicher-aufenthalt","9":"first","10":"instock","11":"sold-individually","12":"taxable","13":"shipping-taxable","14":"purchasable","15":"product-type-booking"},"acf":[],"yoast_head":"<!-- This site is optimized with the Yoast SEO plugin v26.8 - https:\/\/yoast.com\/product\/yoast-seo-wordpress\/ -->\n<title>Parken Maastricht - Parken Maastricht<\/title>\n<meta name=\"description\" content=\"Besuchen Sie Maastricht? Buchen Sie Ihren Parkplatz bei Parking Maastricht schnell und einfach, ab 10 Euro pro Kalendertag. Schnelles Parken Maastricht.\" \/>\n<meta name=\"robots\" content=\"index, follow, max-snippet:-1, max-image-preview:large, max-video-preview:-1\" \/>\n<link rel=\"canonical\" href=\"https:\/\/parkingmaastricht.nl\/de\/produkt\/tagliches-parken\/\" \/>\n<meta property=\"og:locale\" content=\"de_DE\" \/>\n<meta property=\"og:type\" content=\"article\" \/>\n<meta property=\"og:title\" content=\"Parken Maastricht - Parken Maastricht\" \/>\n<meta property=\"og:description\" content=\"Besuchen Sie Maastricht? Buchen Sie Ihren Parkplatz bei Parking Maastricht schnell und einfach, ab 10 Euro pro Kalendertag. Schnelles Parken Maastricht.\" \/>\n<meta property=\"og:url\" content=\"https:\/\/parkingmaastricht.nl\/de\/produkt\/tagliches-parken\/\" \/>\n<meta property=\"og:site_name\" content=\"Parking Maastricht\" \/>\n<meta property=\"article:modified_time\" content=\"2025-12-03T23:27:18+00:00\" \/>\n<meta property=\"og:image\" content=\"https:\/\/parkingmaastricht.nl\/wp-content\/uploads\/2023\/01\/Icon-.png\" \/>\n\t<meta property=\"og:image:width\" content=\"512\" \/>\n\t<meta property=\"og:image:height\" content=\"512\" \/>\n\t<meta property=\"og:image:type\" content=\"image\/png\" \/>\n<meta name=\"twitter:card\" content=\"summary_large_image\" \/>\n<meta name=\"twitter:label1\" content=\"Gesch\u00e4tzte Lesezeit\" \/>\n\t<meta name=\"twitter:data1\" content=\"3\u00a0Minuten\" \/>\n<!-- \/ Yoast SEO plugin. -->","yoast_head_json":{"title":"Parken Maastricht - Parken Maastricht","description":"Besuchen Sie Maastricht? Buchen Sie Ihren Parkplatz bei Parking Maastricht schnell und einfach, ab 10 Euro pro Kalendertag. Schnelles Parken Maastricht.","robots":{"index":"index","follow":"follow","max-snippet":"max-snippet:-1","max-image-preview":"max-image-preview:large","max-video-preview":"max-video-preview:-1"},"canonical":"https:\/\/parkingmaastricht.nl\/de\/produkt\/tagliches-parken\/","og_locale":"de_DE","og_type":"article","og_title":"Parken Maastricht - Parken Maastricht","og_description":"Besuchen Sie Maastricht? Buchen Sie Ihren Parkplatz bei Parking Maastricht schnell und einfach, ab 10 Euro pro Kalendertag. Schnelles Parken Maastricht.","og_url":"https:\/\/parkingmaastricht.nl\/de\/produkt\/tagliches-parken\/","og_site_name":"Parking Maastricht","article_modified_time":"2025-12-03T23:27:18+00:00","og_image":[{"width":512,"height":512,"url":"https:\/\/parkingmaastricht.nl\/wp-content\/uploads\/2023\/01\/Icon-.png","type":"image\/png"}],"twitter_card":"summary_large_image","twitter_misc":{"Gesch\u00e4tzte Lesezeit":"3\u00a0Minuten"},"schema":{"@context":"https:\/\/schema.org","@graph":[{"@type":"WebPage","@id":"https:\/\/parkingmaastricht.nl\/de\/produkt\/tagliches-parken\/","url":"https:\/\/parkingmaastricht.nl\/de\/produkt\/tagliches-parken\/","name":"Parken Maastricht - Parken Maastricht","isPartOf":{"@id":"https:\/\/parkingmaastricht.nl\/#website"},"primaryImageOfPage":{"@id":"https:\/\/parkingmaastricht.nl\/de\/produkt\/tagliches-parken\/#primaryimage"},"image":{"@id":"https:\/\/parkingmaastricht.nl\/de\/produkt\/tagliches-parken\/#primaryimage"},"thumbnailUrl":"https:\/\/parkingmaastricht.nl\/wp-content\/uploads\/2023\/01\/Icon-.png","datePublished":"2020-09-16T09:21:25+00:00","dateModified":"2025-12-03T23:27:18+00:00","description":"Besuchen Sie Maastricht? Buchen Sie Ihren Parkplatz bei Parking Maastricht schnell und einfach, ab 10 Euro pro Kalendertag. Schnelles Parken Maastricht.","breadcrumb":{"@id":"https:\/\/parkingmaastricht.nl\/de\/produkt\/tagliches-parken\/#breadcrumb"},"inLanguage":"de","potentialAction":[{"@type":"ReadAction","target":["https:\/\/parkingmaastricht.nl\/de\/produkt\/tagliches-parken\/"]}]},{"@type":"ImageObject","inLanguage":"de","@id":"https:\/\/parkingmaastricht.nl\/de\/produkt\/tagliches-parken\/#primaryimage","url":"https:\/\/parkingmaastricht.nl\/wp-content\/uploads\/2023\/01\/Icon-.png","contentUrl":"https:\/\/parkingmaastricht.nl\/wp-content\/uploads\/2023\/01\/Icon-.png","width":512,"height":512},{"@type":"BreadcrumbList","@id":"https:\/\/parkingmaastricht.nl\/de\/produkt\/tagliches-parken\/#breadcrumb","itemListElement":[{"@type":"ListItem","position":1,"name":"Home","item":"https:\/\/parkingmaastricht.nl\/de\/parkhaus-maastricht\/"},{"@type":"ListItem","position":2,"name":"Shop","item":"https:\/\/parkingmaastricht.nl\/de\/shop\/"},{"@type":"ListItem","position":3,"name":"T\u00e4gliches Parken"}]},{"@type":"WebSite","@id":"https:\/\/parkingmaastricht.nl\/#website","url":"https:\/\/parkingmaastricht.nl\/","name":"Parking Maastricht","description":"Book online, park and enjoy the city of Maastricht!","publisher":{"@id":"https:\/\/parkingmaastricht.nl\/#organization"},"alternateName":"Parking in Maastricht","potentialAction":[{"@type":"SearchAction","target":{"@type":"EntryPoint","urlTemplate":"https:\/\/parkingmaastricht.nl\/?s={search_term_string}"},"query-input":{"@type":"PropertyValueSpecification","valueRequired":true,"valueName":"search_term_string"}}],"inLanguage":"de"},{"@type":"Organization","@id":"https:\/\/parkingmaastricht.nl\/#organization","name":"Parking Maastricht","alternateName":"Parking in Maastricht","url":"https:\/\/parkingmaastricht.nl\/","logo":{"@type":"ImageObject","inLanguage":"de","@id":"https:\/\/parkingmaastricht.nl\/#\/schema\/logo\/image\/","url":"https:\/\/parkingmaastricht.nl\/wp-content\/uploads\/2023\/02\/0EDEFBF3-8FB0-4F2F-83A8-192AD45A5DAE.png","contentUrl":"https:\/\/parkingmaastricht.nl\/wp-content\/uploads\/2023\/02\/0EDEFBF3-8FB0-4F2F-83A8-192AD45A5DAE.png","width":696,"height":696,"caption":"Parking Maastricht"},"image":{"@id":"https:\/\/parkingmaastricht.nl\/#\/schema\/logo\/image\/"}}]}},"_links":{"self":[{"href":"https:\/\/parkingmaastricht.nl\/de\/wp-json\/wp\/v2\/product\/7504","targetHints":{"allow":["GET"]}}],"collection":[{"href":"https:\/\/parkingmaastricht.nl\/de\/wp-json\/wp\/v2\/product"}],"about":[{"href":"https:\/\/parkingmaastricht.nl\/de\/wp-json\/wp\/v2\/types\/product"}],"replies":[{"embeddable":true,"href":"https:\/\/parkingmaastricht.nl\/de\/wp-json\/wp\/v2\/comments?post=7504"}],"wp:featuredmedia":[{"embeddable":true,"href":"https:\/\/parkingmaastricht.nl\/de\/wp-json\/wp\/v2\/media\/7505"}],"wp:attachment":[{"href":"https:\/\/parkingmaastricht.nl\/de\/wp-json\/wp\/v2\/media?parent=7504"}],"wp:term":[{"taxonomy":"product_brand","embeddable":true,"href":"https:\/\/parkingmaastricht.nl\/de\/wp-json\/wp\/v2\/product_brand?post=7504"},{"taxonomy":"product_cat","embeddable":true,"href":"https:\/\/parkingmaastricht.nl\/de\/wp-json\/wp\/v2\/product_cat?post=7504"},{"taxonomy":"product_tag","embeddable":true,"href":"https:\/\/parkingmaastricht.nl\/de\/wp-json\/wp\/v2\/product_tag?post=7504"}],"curies":[{"name":"wp","href":"https:\/\/api.w.org\/{rel}","templated":true}]}}